{"id":5579,"date":"2017-08-23T13:37:33","date_gmt":"2017-08-23T12:37:33","guid":{"rendered":"https:\/\/ietk.feri.um.si\/?page_id=5579"},"modified":"2018-02-01T10:22:35","modified_gmt":"2018-02-01T09:22:35","slug":"povzetki-magistrskih-nalog","status":"publish","type":"page","link":"https:\/\/ietk.feri.um.si\/en\/studenti\/test-povzetki-magistrske-naloge\/","title":{"rendered":"(Sloven\u0161\u010dina) Povzetki magistrskih nalog"},"content":{"rendered":"<p>[vc_row][vc_column][vc_column_text]<a href=\"https:\/\/dk.um.si\/IzpisGradiva.php?id=66234\">Na\u010drtovanje omre\u017eja LTE na mno\u017ei\u010dnih prireditvah<\/a><\/p>\n<p>Avtor: Klemen Jav\u0161ovec<\/p>\n<p>V magistrskem delu smo se v prvi fazi ukvarjali s problematiko umestitve bazne postaje v prostor. Zaradi svojih specifi\u010dnih lastnosti je bazna postaja objekt, ki ga je dokaj kompleksno in te\u017eko umestiti v prostor. Po korakih smo sledili postopku umestitve bazne postaje mobilnega omre\u017eja v prostor.<br \/>\nOsrednji problem magistrskega dela pa je predstavljala analiza mobilnega omre\u017eja LTE na mno\u017ei\u010dnih prireditvah. Opredelili smo karakteristike sistema, ki so klju\u010dne z vidika kapacitete in kakovosti storitve v omre\u017eju LTE in ostalih dveh generacijah omre\u017eij. Operaterji se zagotavljanja storitve na mno\u017ei\u010dnih prireditvah lotijo na dva na\u010dina. Prvi in najpogostej\u0161i je re-konfiguracija obstoje\u010dega omre\u017eja t.j. baznih postaj na obmo\u010dju mno\u017ei\u010dne prireditve. Pove\u010da se \u0161tevilo mo\u017enih radijskih povezav na bazno postajo, ustrezno se prilagodi signalizacija, pove\u010dajo se \u010dasovna obdobja sporo\u010danja karakteristik omre\u017eja in zagotovi dovolj veliko \u0161tevilo povezav za klic v sili. Parametri se v ve\u010dini prilagodijo glede na priporo\u010dila proizvajalca TK opreme, ki jo uporablja operater. Drugi na\u010din zagotavljanja storitve na mno\u017ei\u010dnih prireditvah pa je namestitev namenske mobilne bazne postaje. Mobilna bazna postaja se v omre\u017eje pove\u017ee preko fiksnih opti\u010dnih povezav ali zra\u010dnih mikrovalovnih povezav. Antena na mobilni postaji obi\u010dajno omogo\u010da ve\u010d nosilcev v dolo\u010denem frekven\u010dnem pasu. V na\u0161em primeru smo analizirali anteno Commscope 5NPX1006F, ki je namenjena podpori omre\u017eju 3G na mno\u017ei\u010dnih prireditvah in deluje v frekven\u010dnem pasu med 1710 in 2180 MHz. V tem frekven\u010dnem pasu lahko z njo implementiramo pet frekven\u010dnih nosilcev.<br \/>\nV nadaljevanju smo podali in analizirali statisti\u010dne podatke za mobilno omre\u017eje na mno\u017ei\u010dni prireditvi praznovanja novega leta v Sloveniji. Podrobneje smo analizirali podatke praznovanja novega leta v Ljubljani. Za potrebe primerjave med dogodki smo analizirali tudi podatke praznovanja novega leta v Mariboru. Predstavili smo parametre in statistiko mobilnega omre\u017eja na eni izmed najve\u010djih mno\u017ei\u010dnih prireditev \u2013 tekmovanje v smu\u010darskih poletih v Planici. Raziskali in preu\u010dili smo klju\u010dne indikatorje zmogljivosti (KPI). Z monitoringom in s statisti\u010dno obdelavo KPI operaterji analizirajo zmogljivost in uspe\u0161nost omre\u017eja. KPI slu\u017ei kot orodje za optimizacijo omre\u017eja. S poznavanjem klju\u010dnih indikatorjev zmogljivosti omre\u017eja izbolj\u0161amo kakovost storitev QoS in dose\u017eemo bolj\u0161o izrabo omre\u017enih virov. Za vse dogodke, ki smo jih analizirali, smo predstavili KPI mobilnega omre\u017eja in povzeli klju\u010dne ugotovitve. V na\u0161ih analizah nismo opazili ve\u010djih degradacij v delovanju omre\u017eja na mno\u017ei\u010dnih prireditvah. Seveda pa se zaradi pove\u010danja zahtev po radijskem kanalu in pove\u010dani koli\u010dini prenosa podatkov zmanj\u0161a uspe\u0161nost povezav ter prepustnost omre\u017eja. Potrebno je vzeti v zakup, da se zaradi pove\u010dane signalizacije, pove\u010danega \u0161tevila zahtev in ve\u010dje koli\u010dina prenesenih podatkov na eni strani pove\u010da \u0161tevilo uporabnikov na celico, po drugi strani pa se zmanj\u0161ajo prepustne hitrosti omre\u017eja. Analiza teh parametrov je klju\u010dna za vzdr\u017eevanje in nadgrajevanje mobilnega omre\u017eja.<br \/>\nV magistrskem delu smo spoznali kako kompleksen sistem je mobilno omre\u017eje. V praksi smo spoznali kako se bazno postajo umesti v prostor. Raziskali smo kako operaterji iz svojih izku\u0161enj in predlogov ponudnika TK opreme pripravijo omre\u017eje na mno\u017ei\u010dno prireditev ter kako pomembno je aktivno spremljanje parametrov in analiziranje delovanja omre\u017eja.[\/vc_column_text][\/vc_column][\/vc_row]<\/p>","protected":false},"excerpt":{"rendered":"<p>[vc_row][vc_column][vc_column_text]Na\u010drtovanje omre\u017eja LTE na mno\u017ei\u010dnih prireditvah Avtor: Klemen Jav\u0161ovec V magistrskem delu smo se v prvi fazi ukvarjali s problematiko umestitve bazne postaje v prostor. Zaradi [&hellip;]<\/p>\n","protected":false},"author":29,"featured_media":0,"parent":4647,"menu_order":0,"comment_status":"closed","ping_status":"closed","template":"","meta":[],"_links":{"self":[{"href":"https:\/\/ietk.feri.um.si\/en\/wp-json\/wp\/v2\/pages\/5579"}],"collection":[{"href":"https:\/\/ietk.feri.um.si\/en\/wp-json\/wp\/v2\/pages"}],"about":[{"href":"https:\/\/ietk.feri.um.si\/en\/wp-json\/wp\/v2\/types\/page"}],"author":[{"embeddable":true,"href":"https:\/\/ietk.feri.um.si\/en\/wp-json\/wp\/v2\/users\/29"}],"replies":[{"embeddable":true,"href":"https:\/\/ietk.feri.um.si\/en\/wp-json\/wp\/v2\/comments?post=5579"}],"version-history":[{"count":10,"href":"https:\/\/ietk.feri.um.si\/en\/wp-json\/wp\/v2\/pages\/5579\/revisions"}],"predecessor-version":[{"id":5798,"href":"https:\/\/ietk.feri.um.si\/en\/wp-json\/wp\/v2\/pages\/5579\/revisions\/5798"}],"up":[{"embeddable":true,"href":"https:\/\/ietk.feri.um.si\/en\/wp-json\/wp\/v2\/pages\/4647"}],"wp:attachment":[{"href":"https:\/\/ietk.feri.um.si\/en\/wp-json\/wp\/v2\/media?parent=5579"}],"curies":[{"name":"wp","href":"https:\/\/api.w.org\/{rel}","templated":true}]}}