{"id":4693,"date":"2015-01-29T18:40:47","date_gmt":"2015-01-29T18:40:47","guid":{"rendered":"https:\/\/ietk.feri.um.si\/visokosolski-program-2\/"},"modified":"2016-02-10T06:48:41","modified_gmt":"2016-02-10T06:48:41","slug":"visokosolski-strokovni-studij","status":"publish","type":"page","link":"https:\/\/ietk.feri.um.si\/en\/study\/electrical-engineering-electronics\/visokosolski-strokovni-studij\/","title":{"rendered":"Visoko\u0161olski strokovni \u0161tudij"},"content":{"rendered":"<p>[vc_row][vc_column][vc_column_text]<\/p>\n<h1>Bolonjski visoko\u0161olski strokovni \u0161tudijski program Elektrotehnika, smer Elektronika<\/h1>\n<p><a class=\"polaroid right\" href=\"#\" rel=\"Zasnova sistema\"><img loading=\"lazy\" class=\"size-large wp-image-5209\" src=\"https:\/\/ietk.feri.um.si\/wp-content\/uploads\/2015\/01\/FeriFon-1024x683.jpg\" alt=\"FeriFon\" width=\"1024\" height=\"683\" srcset=\"https:\/\/ietk.feri.um.si\/wp-content\/uploads\/2015\/01\/FeriFon-1024x683.jpg 1024w, https:\/\/ietk.feri.um.si\/wp-content\/uploads\/2015\/01\/FeriFon-300x200.jpg 300w, https:\/\/ietk.feri.um.si\/wp-content\/uploads\/2015\/01\/FeriFon-768x512.jpg 768w, https:\/\/ietk.feri.um.si\/wp-content\/uploads\/2015\/01\/FeriFon-219x146.jpg 219w, https:\/\/ietk.feri.um.si\/wp-content\/uploads\/2015\/01\/FeriFon-50x33.jpg 50w, https:\/\/ietk.feri.um.si\/wp-content\/uploads\/2015\/01\/FeriFon-576x384.jpg 576w, https:\/\/ietk.feri.um.si\/wp-content\/uploads\/2015\/01\/FeriFon-640x427.jpg 640w, https:\/\/ietk.feri.um.si\/wp-content\/uploads\/2015\/01\/FeriFon-113x75.jpg 113w, https:\/\/ietk.feri.um.si\/wp-content\/uploads\/2015\/01\/FeriFon.jpg 1620w\" sizes=\"(max-width: 1024px) 100vw, 1024px\" \/><\/a> Program Elektrotehnike se v drugem letniku deli na tri smeri. Smer Elektronika je namenjena tistim \u0161tudentom, ki lahko imajo manj predhodnega znanja in jih zanimajo:<\/p>\n<ul>\n<li>elektronski elementi in vezja,<\/li>\n<li>ra\u010dunalni\u0161ko na\u010drtovanje elektronskih vezji ,<\/li>\n<li>izdelava elektronskih vezji in naprav za uporabo v merilni tehniki, industriji in zabavni elektroniki ter<\/li>\n<li>vzdr\u017eevanje sodobnih elektronskih naprav.<\/li>\n<\/ul>\n<p>&nbsp;<br \/>\nNove elektronske tehnologije omogo\u010dajo izdelavo kompleksnih naprav, ki se uporabljajo na vseh podro\u010djih tehnike. Na smeri Elektronike, spoznamo napajalne naprave, oja\u010devalnike, senzorje, merilna vezja, analogna in digitalna vezja, mikroelektronska vezja, mikrokrmilni\u0161ka vezja ter z njimi na\u010drtamo in izdelamo elektronske naprave. Za medsebojno povezovanje med napravami uporabimo \u017ei\u010dne in brez\u017ei\u010dne telekomunikacijske vmesnike.<\/p>\n<p><a class=\"polaroid right\" href=\"#\" rel=\"Izdelava naprave\"><img loading=\"lazy\" class=\"alignnone size-large wp-image-5210\" src=\"https:\/\/ietk.feri.um.si\/wp-content\/uploads\/2015\/01\/EKG-1024x683.png\" alt=\"EKG\" width=\"1024\" height=\"683\" srcset=\"https:\/\/ietk.feri.um.si\/wp-content\/uploads\/2015\/01\/EKG-1024x683.png 1024w, https:\/\/ietk.feri.um.si\/wp-content\/uploads\/2015\/01\/EKG-300x200.png 300w, https:\/\/ietk.feri.um.si\/wp-content\/uploads\/2015\/01\/EKG-768x512.png 768w, https:\/\/ietk.feri.um.si\/wp-content\/uploads\/2015\/01\/EKG-219x146.png 219w, https:\/\/ietk.feri.um.si\/wp-content\/uploads\/2015\/01\/EKG-50x33.png 50w, https:\/\/ietk.feri.um.si\/wp-content\/uploads\/2015\/01\/EKG-576x384.png 576w, https:\/\/ietk.feri.um.si\/wp-content\/uploads\/2015\/01\/EKG-640x427.png 640w, https:\/\/ietk.feri.um.si\/wp-content\/uploads\/2015\/01\/EKG-113x75.png 113w, https:\/\/ietk.feri.um.si\/wp-content\/uploads\/2015\/01\/EKG.png 1620w\" sizes=\"(max-width: 1024px) 100vw, 1024px\" \/><\/a>Vsebine predmetov so zasnovane tako, da \u0161tudent v drugem letniku najprej pridobi osnovna znanja nato pa uporabi ta znanja v prakti\u010dnih projektih.<\/p>\n<p>Po kon\u010danem \u0161tudiju bo diplomant sposoben:<\/p>\n<ul>\n<li>na\u010drtati elektronsko vezje in napravo<\/li>\n<li>analizirati delovanje elektronskega vezja<\/li>\n<li>izdelati elektronsko vezje in napravo<\/li>\n<li>preizkusiti vezje<\/li>\n<li>vzdr\u017eevati elektronske sklope, naprave in sisteme,\u00a0ki se uporabljajo v industriji, zabavni elektroniki, vojski in telekomunikacijah.<\/li>\n<\/ul>\n<p>Zaradi vsesplo\u0161ne uporabnosti cenenih mikrokrmilnikov (npr. Atmel, PIC) se bodo \u0161tudenti nau\u010dili tudi osnove razvoja mikrokrmilni\u0161kih sistemov.<br \/>\nDiplomanti in diplomantke bodo pridobili strokovni naslov diplomirani in\u017eenir elektrotehnike (VS) oziroma diplomirana in\u017eenirka elektrotehnike (VS).<\/p>\n<p>[\/vc_column_text][\/vc_column][\/vc_row]<\/p>\n","protected":false},"excerpt":{"rendered":"<p>[vc_row][vc_column][vc_column_text] Bolonjski visoko\u0161olski strokovni \u0161tudijski program Elektrotehnika, smer Elektronika Program Elektrotehnike se v drugem letniku deli na tri smeri. Smer Elektronika je namenjena tistim \u0161tudentom, ki [&hellip;]<\/p>\n","protected":false},"author":1,"featured_media":0,"parent":4644,"menu_order":1,"comment_status":"open","ping_status":"open","template":"","meta":[],"_links":{"self":[{"href":"https:\/\/ietk.feri.um.si\/en\/wp-json\/wp\/v2\/pages\/4693"}],"collection":[{"href":"https:\/\/ietk.feri.um.si\/en\/wp-json\/wp\/v2\/pages"}],"about":[{"href":"https:\/\/ietk.feri.um.si\/en\/wp-json\/wp\/v2\/types\/page"}],"author":[{"embeddable":true,"href":"https:\/\/ietk.feri.um.si\/en\/wp-json\/wp\/v2\/users\/1"}],"replies":[{"embeddable":true,"href":"https:\/\/ietk.feri.um.si\/en\/wp-json\/wp\/v2\/comments?post=4693"}],"version-history":[{"count":8,"href":"https:\/\/ietk.feri.um.si\/en\/wp-json\/wp\/v2\/pages\/4693\/revisions"}],"predecessor-version":[{"id":5215,"href":"https:\/\/ietk.feri.um.si\/en\/wp-json\/wp\/v2\/pages\/4693\/revisions\/5215"}],"up":[{"embeddable":true,"href":"https:\/\/ietk.feri.um.si\/en\/wp-json\/wp\/v2\/pages\/4644"}],"wp:attachment":[{"href":"https:\/\/ietk.feri.um.si\/en\/wp-json\/wp\/v2\/media?parent=4693"}],"curies":[{"name":"wp","href":"https:\/\/api.w.org\/{rel}","templated":true}]}}