{"id":4648,"date":"2015-01-17T17:05:55","date_gmt":"2015-01-17T17:05:55","guid":{"rendered":"https:\/\/ietk.feri.um.si\/studenti\/razpisane-diplome\/"},"modified":"2017-01-19T13:34:25","modified_gmt":"2017-01-19T13:34:25","slug":"razpisane-diplome","status":"publish","type":"page","link":"https:\/\/ietk.feri.um.si\/en\/studenti\/possible-topics-for-diploma-theses\/","title":{"rendered":"Possible topics for diploma theses"},"content":{"rendered":"<p>[vc_row][vc_column][vc_tta_accordion][vc_tta_section title=&#8221;Splo\u0161na navodila&#8221; tab_id=&#8221;1484829285662-61443e6c-a554&#8243;][vc_column_text]For the academic year\u00a0<strong>2016\/2017<\/strong> the Institute of Electronics and Telecommunications proposed topics for diploma theses for first-cycle professional higher education study programmes and academic degree study programmes Electrical Engineering \u2013 <strong>Electronics<\/strong>, and <strong>Telecommunications<\/strong> as well as for the master\u2019s study programmes <strong>Telecommunications<\/strong> and Electrical Engineering \u2013 <strong>Electronics<\/strong>.[\/vc_column_text][\/vc_tta_section][vc_tta_section title=&#8221;Univerzitetni \u0161tudijski program 1. stopnje &#8211; Elektrotehnika&#8221; tab_id=&#8221;1484829285760-05d46ea8-028a&#8221;][vc_column_text]<\/p>\n<table width=\"610\" cellspacing=\"0\" cellpadding=\"8\">\n<colgroup>\n<col width=\"52\" \/>\n<col width=\"181\" \/>\n<col width=\"328\" \/> <\/colgroup>\n<tbody>\n<tr valign=\"top\">\n<td width=\"52\">Zap. \u0161t.<\/td>\n<td width=\"181\">Mentor<\/td>\n<td width=\"328\">Naslov projekta<\/td>\n<\/tr>\n<tr valign=\"top\">\n<td width=\"52\">\u00a01.<\/td>\n<td width=\"181\">Iztok Kramberger<\/td>\n<td width=\"328\">Vgrajen sistem za merjenje kvalitete zraka<\/td>\n<\/tr>\n<tr valign=\"top\">\n<td width=\"52\">\u00a02.<\/td>\n<td width=\"181\">Iztok Kramberger<\/td>\n<td width=\"328\">Vgrajen sistem za bele\u017eenje pospe\u0161kov z brezsti\u010dno komunikacijo<\/td>\n<\/tr>\n<tr valign=\"top\">\n<td width=\"52\">\u00a03.<\/td>\n<td width=\"181\">Iztok Kramberger<\/td>\n<td width=\"328\">Konfiguracija naprav na daljavo na osnovi brezsti\u010dne tehnologije<\/td>\n<\/tr>\n<tr valign=\"top\">\n<td width=\"52\">4.<\/td>\n<td width=\"181\">Iztok Kramberger<\/td>\n<td width=\"328\">Kapacitivno zaznavanje dotika in bli\u017eine<\/td>\n<\/tr>\n<tr valign=\"top\">\n<td width=\"52\">5.<\/td>\n<td width=\"181\">Tatjana Kapus<\/td>\n<td width=\"328\">Uporaba orodja TLA+ Toolbox za verifikacijo programov<\/td>\n<\/tr>\n<tr valign=\"top\">\n<td width=\"52\">\u00a06.<\/td>\n<td width=\"181\">Tatjana Kapus<\/td>\n<td width=\"328\">Delovanje in uporaba programov za re\u0161evanje problemov SAT<\/td>\n<\/tr>\n<tr valign=\"top\">\n<td width=\"52\">\u00a07.<\/td>\n<td width=\"181\">Bo\u0161tjan Vlaovi\u010d<\/td>\n<td width=\"328\">Izbran projekt z razvojno plo\u0161\u010do STM32L476 Discovery<\/td>\n<\/tr>\n<tr valign=\"top\">\n<td width=\"52\">\u00a08.<\/td>\n<td width=\"181\">Bo\u0161tjan Vlaovi\u010d<\/td>\n<td width=\"328\">Izbran projekt z razvojno plo\u0161\u010do EasyMX PRO<\/td>\n<\/tr>\n<tr valign=\"top\">\n<td width=\"52\">\u00a09.<\/td>\n<td width=\"181\">Bo\u0161tjan Vlaovi\u010d<\/td>\n<td width=\"328\">Izbran projekt z razvojno plo\u0161\u010do ZedBoard<\/td>\n<\/tr>\n<tr>\n<td valign=\"top\" width=\"52\">10.<\/td>\n<td width=\"181\">Z. Ka\u010di\u010d<\/td>\n<td width=\"328\">Lociranje izvora zvoka z mikrofonskimi polji<\/td>\n<\/tr>\n<tr>\n<td valign=\"top\" width=\"52\">11.<\/td>\n<td width=\"181\">Z. Ka\u010di\u010d<\/td>\n<td width=\"328\">Identifikacija objektov v video toku<\/td>\n<\/tr>\n<tr>\n<td valign=\"top\" width=\"52\">12.<\/td>\n<td width=\"181\">Z. Ka\u010di\u010d<\/td>\n<td width=\"328\">Alarmiranje na osnovi analize akusti\u010dnih dogodkov<\/td>\n<\/tr>\n<tr valign=\"top\">\n<td width=\"52\">13.<\/td>\n<td width=\"181\">T. Dog\u0161a<\/td>\n<td width=\"328\">Makromodeliranje akumulatorskih baterij<\/td>\n<\/tr>\n<tr valign=\"top\">\n<td width=\"52\">14.<\/td>\n<td width=\"181\">T. Dog\u0161a<\/td>\n<td width=\"328\">Modeliranje povezav v na\u010drtovalskem orodju Altium<\/td>\n<\/tr>\n<tr valign=\"top\">\n<td width=\"52\">15.<\/td>\n<td width=\"181\">Zmago Brezo\u010dnik<\/td>\n<td width=\"328\">Analiza prostodostopnih orodij za predstavitev in obdelavo logi\u010dnih funkcij z binarnimi odlo\u010ditvenimi grafi<\/td>\n<\/tr>\n<tr valign=\"top\">\n<td width=\"52\">16.<\/td>\n<td width=\"181\">Zmago Brezo\u010dnik<\/td>\n<td width=\"328\">Analiza reverzibilnih vezij sestavljenih iz logi\u010dnih elementov CCNOT<\/td>\n<\/tr>\n<tr valign=\"top\">\n<td width=\"52\">17.<\/td>\n<td width=\"181\">Zmago Brezo\u010dnik<\/td>\n<td width=\"328\">Izvedba Quine-McCluskeyeve minimizacije v programskem paketu Biddy<\/td>\n<\/tr>\n<tr valign=\"top\">\n<td width=\"52\">18.<\/td>\n<td width=\"181\">Zmago Brezo\u010dnik<\/td>\n<td width=\"328\">Programski gonilnik za to\u010dkovni prikazovalnik s teko\u010dimi kristali<\/td>\n<\/tr>\n<\/tbody>\n<\/table>\n<p>[\/vc_column_text][\/vc_tta_section][vc_tta_section title=&#8221;Univerzitetni \u0161tudijski program 1. stopnje &#8211; Telekomunikacije&#8221; tab_id=&#8221;1484830682184-df7266ae-27ef&#8221;][vc_column_text]<\/p>\n<table width=\"610\" cellspacing=\"0\" cellpadding=\"8\">\n<colgroup>\n<col width=\"52\" \/>\n<col width=\"181\" \/>\n<col width=\"328\" \/> <\/colgroup>\n<tbody>\n<tr valign=\"top\">\n<td width=\"52\">Zap. \u0161t.<\/td>\n<td width=\"181\">Mentor<\/td>\n<td width=\"328\">Naslov projekta<\/td>\n<\/tr>\n<tr valign=\"top\">\n<td width=\"52\">1.<\/td>\n<td width=\"181\">Iztok Kramberger<\/td>\n<td width=\"328\">Mobilna aplikacija za brezsti\u010dno rokovanje z napravo za bele\u017eenje pospe\u0161kov<\/td>\n<\/tr>\n<tr valign=\"top\">\n<td width=\"52\">2.<\/td>\n<td width=\"181\">Tatjana Kapus<\/td>\n<td width=\"328\">Avtomatizacija analize povezav TCP<\/td>\n<\/tr>\n<tr valign=\"top\">\n<td width=\"52\">3.<\/td>\n<td width=\"181\">Tatjana Kapus<\/td>\n<td width=\"328\">Obli\u010dje za simulator opti\u010dnih omre\u017eij<\/td>\n<\/tr>\n<tr valign=\"top\">\n<td width=\"52\">4.<\/td>\n<td width=\"181\">Damjan Vlaj<\/td>\n<td width=\"328\">Pregled in integracija obla\u010dnih storitev v mobilne aplikacije<\/td>\n<\/tr>\n<tr valign=\"top\">\n<td width=\"52\">5.<\/td>\n<td width=\"181\">Andrej \u017dgank<\/td>\n<td width=\"328\">Kodek Opus in vpliv degradacij na kakovost zvoka<\/td>\n<\/tr>\n<tr valign=\"top\">\n<td width=\"52\">6.<\/td>\n<td width=\"181\">Andrej \u017dgank<\/td>\n<td width=\"328\">Avtomatsko razpoznavanje slovenskega emocionalnega govora<\/td>\n<\/tr>\n<tr valign=\"top\">\n<td width=\"52\">7.<\/td>\n<td width=\"181\">Bo\u0161tjan Vlaovi\u010d<\/td>\n<td width=\"328\">Brez\u017ei\u010dni internet stvari<\/td>\n<\/tr>\n<tr valign=\"top\">\n<td width=\"52\">8.<\/td>\n<td width=\"181\">Zdravko Ka\u010di\u010d<\/td>\n<td width=\"328\">Preto\u010dni video v okolju mobilne telefonije<\/td>\n<\/tr>\n<tr>\n<td valign=\"top\" width=\"52\">9.<\/td>\n<td width=\"181\">Zdravko Ka\u010di\u010d<\/td>\n<td width=\"328\">Detekcija objektov v video toku<\/td>\n<\/tr>\n<tr valign=\"top\">\n<td width=\"52\">10.<\/td>\n<td width=\"181\">Zdravko Ka\u010di\u010d<\/td>\n<td width=\"328\">Storitev konferen\u010dnega klica v okolju IMS<\/td>\n<\/tr>\n<tr valign=\"top\">\n<td width=\"52\">11.<\/td>\n<td width=\"181\">Mirjam Sepesy Mau\u010dec<\/td>\n<td width=\"328\">Ugotavljanje podobnosti povedi z razli\u010dnimi metrikami<\/td>\n<\/tr>\n<tr valign=\"top\">\n<td width=\"52\">12.<\/td>\n<td width=\"181\">Zmago Brezo\u010dnik<\/td>\n<td width=\"328\">Izvedba naprave za vklju\u010ditev v komunikacijsko omre\u017eje pametne hi\u0161e na osnovi protokola KNX<\/td>\n<\/tr>\n<\/tbody>\n<\/table>\n<p>[\/vc_column_text][\/vc_tta_section][vc_tta_section title=&#8221;\u0160tudijski program 2. stopnje &#8211; Elektrotehnika&#8221; tab_id=&#8221;1484831789104-727f1c5a-f240&#8243;][vc_column_text]<\/p>\n<table width=\"610\" cellspacing=\"0\" cellpadding=\"8\">\n<colgroup>\n<col width=\"52\" \/>\n<col width=\"181\" \/>\n<col width=\"328\" \/> <\/colgroup>\n<tbody>\n<tr valign=\"top\">\n<td width=\"52\">Zap. \u0161t.<\/td>\n<td width=\"181\">Mentor<\/td>\n<td width=\"328\">Naslov teme<\/td>\n<\/tr>\n<tr valign=\"top\">\n<td width=\"52\">1.<\/td>\n<td width=\"181\">Tatjana Kapus<\/td>\n<td width=\"328\">Modeliranje in simulacija brez\u017ei\u010dnih osebnih omre\u017eij v okolju OMNeT++<\/td>\n<\/tr>\n<tr valign=\"top\">\n<td width=\"52\">2.<\/td>\n<td width=\"181\">Tatjana Kapus<\/td>\n<td width=\"328\">Analiza u\u010dinkovitosti omre\u017eij s statisti\u010dnim preverjanjem modelov<\/td>\n<\/tr>\n<tr valign=\"top\">\n<td width=\"52\">3.<\/td>\n<td width=\"181\">Bo\u0161tjan Vlaovi\u010d<\/td>\n<td width=\"328\">Prikaz podatkov z uporabo o\u010dal RECON<\/td>\n<\/tr>\n<tr valign=\"top\">\n<td width=\"52\">4.<\/td>\n<td width=\"181\">Matej Rojc<\/td>\n<td width=\"328\">Na\u010drtovanje in realizacija filtrov na platformah ARM<\/td>\n<\/tr>\n<tr valign=\"top\">\n<td width=\"52\">5.<\/td>\n<td width=\"181\">Matej Rojc<\/td>\n<td width=\"328\">Procesiranje zvoka na platformah ARM<\/td>\n<\/tr>\n<tr valign=\"top\">\n<td width=\"52\">6.<\/td>\n<td width=\"181\">Matej Rojc<\/td>\n<td width=\"328\">Merjenje porabe energije z uporabo procesorja ARM<\/td>\n<\/tr>\n<tr valign=\"top\">\n<td width=\"52\">7.<\/td>\n<td width=\"181\">Zdravko Ka\u010di\u010d<\/td>\n<td width=\"328\">Dekompozicija akusti\u010dne scene<\/td>\n<\/tr>\n<tr valign=\"top\">\n<td width=\"52\">8.<\/td>\n<td width=\"181\">Zdravko Ka\u010di\u010d<\/td>\n<td width=\"328\">Zajemanje tridimenzionalne zvo\u010dne slike<\/td>\n<\/tr>\n<tr valign=\"top\">\n<td width=\"52\">9.<\/td>\n<td width=\"181\">Zdravko Ka\u010di\u010d<\/td>\n<td width=\"328\">Detekcija objektov v tridimenzionalni sliki<\/td>\n<\/tr>\n<tr valign=\"top\">\n<td width=\"52\">10.<\/td>\n<td width=\"181\">Zmago Brezo\u010dnik<\/td>\n<td width=\"328\">Pretvornik diagrama poteka v lestvi\u010dni diagram za programirljivi logi\u010dni krmilnik<\/td>\n<\/tr>\n<\/tbody>\n<\/table>\n<p>[\/vc_column_text][\/vc_tta_section][vc_tta_section title=&#8221;\u0160tudijski program 2. stopnje &#8211; Telekomunikacije&#8221; tab_id=&#8221;1484831988974-ea23db5e-b829&#8243;][vc_column_text]<\/p>\n<table width=\"610\" cellspacing=\"0\" cellpadding=\"8\">\n<colgroup>\n<col width=\"52\" \/>\n<col width=\"181\" \/>\n<col width=\"328\" \/> <\/colgroup>\n<tbody>\n<tr valign=\"top\">\n<td width=\"52\">\n<p class=\"western\" align=\"center\"><span style=\"font-family: Calibri, serif;\">Zap. \u0161t.<\/span><\/p>\n<\/td>\n<td width=\"181\">\n<p class=\"western\"><span style=\"font-family: Calibri, serif;\">Mentor<\/span><\/p>\n<\/td>\n<td width=\"328\">\n<p class=\"western\"><span style=\"font-family: Calibri, serif;\">Naslov teme<\/span><\/p>\n<\/td>\n<\/tr>\n<tr valign=\"top\">\n<td width=\"52\">1.<\/td>\n<td width=\"181\">\n<p class=\"western\"><span style=\"font-family: Calibri, serif;\">Tatjana Kapus<\/span><\/p>\n<\/td>\n<td width=\"328\">\n<p class=\"western\"><span style=\"font-family: Calibri, serif;\">Preverjanje pravilnosti krmilni\u0161kih programov programsko definiranih omre\u017eij<\/span><\/p>\n<\/td>\n<\/tr>\n<tr valign=\"top\">\n<td width=\"52\">2.<\/td>\n<td width=\"181\">\n<p class=\"western\"><span style=\"font-family: Calibri, serif;\">Tatjana Kapus<\/span><\/p>\n<\/td>\n<td width=\"328\">\n<p class=\"western\"><span style=\"font-family: Calibri, serif;\">Izrecno obve\u0161\u010danje o zama\u0161itvi v omre\u017ejih IP<\/span><\/p>\n<\/td>\n<\/tr>\n<tr valign=\"top\">\n<td width=\"52\">3.<\/td>\n<td width=\"181\">\n<p class=\"western\"><span style=\"font-family: Calibri, serif;\">Tatjana Kapus<\/span><\/p>\n<\/td>\n<td width=\"328\">\n<p class=\"western\"><span style=\"font-family: Calibri, serif;\">Presku\u0161anje u\u010dinkovitosti tehnologije MPLS v ogrodju INET<\/span><\/p>\n<\/td>\n<\/tr>\n<tr valign=\"top\">\n<td width=\"52\">4.<\/td>\n<td width=\"181\">\n<p class=\"western\"><span style=\"font-family: Calibri, serif;\">Damjan Vlaj<\/span><\/p>\n<\/td>\n<td width=\"328\">\n<p class=\"western\"><span style=\"font-family: Calibri, serif;\">Zaznavanje napak v podnapisih transportnega toka digitalne televizije<\/span><\/p>\n<\/td>\n<\/tr>\n<tr valign=\"top\">\n<td width=\"52\">5.<\/td>\n<td width=\"181\">\n<p class=\"western\"><span style=\"font-family: Calibri, serif;\">Andrej \u017dgank<\/span><\/p>\n<\/td>\n<td width=\"328\">\n<p class=\"western\"><span style=\"font-family: Calibri, serif;\">GamingAnywhere in kakovost uporabni\u0161ke izku\u0161nje v mobilnih obla\u010dnih igrah<\/span><\/p>\n<\/td>\n<\/tr>\n<tr valign=\"top\">\n<td width=\"52\">6.<\/td>\n<td width=\"181\">\n<p class=\"western\"><span style=\"font-family: Calibri, serif;\">Andrej \u017dgank<\/span><\/p>\n<\/td>\n<td width=\"328\">\n<p class=\"western\"><span style=\"font-family: Calibri, serif;\">Lo\u010devanje med branim in spontanim govornim signalom na osnovi akusti\u010dnih zna\u010dilnosti<\/span><\/p>\n<\/td>\n<\/tr>\n<tr valign=\"top\">\n<td width=\"52\">7.<\/td>\n<td width=\"181\">\n<p class=\"western\"><span style=\"font-family: Calibri, serif;\">Bo\u0161tjan Vlaovi\u010d<\/span><\/p>\n<\/td>\n<td width=\"328\">\n<p class=\"western\"><span style=\"font-family: Calibri, serif;\">Oddaljen nadzor frekven\u010dnega spektra<\/span><\/p>\n<\/td>\n<\/tr>\n<tr valign=\"top\">\n<td width=\"52\">8.<\/td>\n<td width=\"181\">\n<p class=\"western\"><span style=\"font-family: Calibri, serif;\">Bo\u0161tjan Vlaovi\u010d<\/span><\/p>\n<\/td>\n<td width=\"328\">\n<p class=\"western\"><span style=\"font-family: Calibri, serif;\">Prikaz podatkov z uporabo o\u010dal RECON<\/span><\/p>\n<\/td>\n<\/tr>\n<tr valign=\"top\">\n<td width=\"52\">9.<\/td>\n<td width=\"181\">\n<p class=\"western\"><span style=\"font-family: Calibri, serif;\">Matej Rojc<\/span><\/p>\n<\/td>\n<td width=\"328\">\n<p class=\"western\"><span style=\"color: #000000;\"><span style=\"font-family: Calibri, serif;\">Inteligentni mobilni sistem spremljanja zdravstvenega stanja uporabnika<\/span><\/span><\/p>\n<\/td>\n<\/tr>\n<tr>\n<td valign=\"top\" width=\"52\">10.<\/td>\n<td width=\"181\">\n<p class=\"western\"><span style=\"color: #000000;\"><span style=\"font-family: Calibri, serif;\">Zdravko Ka\u010di\u010d<\/span><\/span><\/p>\n<\/td>\n<td width=\"328\">\n<p class=\"western\"><span style=\"color: #000000;\"><span style=\"font-family: Calibri, serif;\">Procesiranje avdio\/video vsebin v okolju IP TV<\/span><\/span><\/p>\n<\/td>\n<\/tr>\n<tr valign=\"top\">\n<td width=\"52\">11.<\/td>\n<td width=\"181\">\n<p class=\"western\"><span style=\"color: #000000;\"><span style=\"font-family: Calibri, serif;\">Z<\/span><\/span><span style=\"color: #000000;\"><span style=\"font-family: Calibri, serif;\">dravko<\/span><\/span><span style=\"color: #000000;\"><span style=\"font-family: Calibri, serif;\"> Ka\u010di\u010d<\/span><\/span><\/p>\n<\/td>\n<td width=\"328\">\n<p class=\"western\"><span style=\"color: #000000;\"><span style=\"font-family: Calibri, serif;\">Storitev konferen\u010dnega klica v okolju IMS<\/span><\/span><\/p>\n<\/td>\n<\/tr>\n<tr valign=\"top\">\n<td width=\"52\">12.<\/td>\n<td width=\"181\">\n<p class=\"western\"><span style=\"color: #000000;\"><span style=\"font-family: Calibri, serif;\">Zdravko Ka\u010di\u010d<\/span><\/span><\/p>\n<\/td>\n<td width=\"328\">\n<p class=\"western\"><span style=\"color: #000000;\"><span style=\"font-family: Calibri, serif;\">Indeksiranje avdiovizualnih vsebin na osnovi procesiranja video signala<\/span><\/span><\/p>\n<\/td>\n<\/tr>\n<tr valign=\"top\">\n<td width=\"52\">13.<\/td>\n<td width=\"181\">\n<p class=\"western\"><span style=\"font-family: Calibri, serif;\">Zdravko Ka\u010di\u010d<\/span><\/p>\n<\/td>\n<td width=\"328\">\n<p class=\"western\"><span style=\"color: #000000;\"><span style=\"font-family: Calibri, serif;\">Prepoznavanje ciljnih video objektov v video toku IPTV<\/span><\/span><\/p>\n<\/td>\n<\/tr>\n<tr valign=\"top\">\n<td width=\"52\">14.<\/td>\n<td width=\"181\">\n<p class=\"western\"><span style=\"font-family: Calibri, serif;\">Zdravko Ka\u010di\u010d<\/span><\/p>\n<\/td>\n<td width=\"328\">\n<p class=\"western\"><span style=\"color: #000000;\"><span style=\"font-family: Calibri, serif;\">Multimodalna interakcija v okolju IPTV<\/span><\/span><\/p>\n<\/td>\n<\/tr>\n<tr valign=\"top\">\n<td width=\"52\">15.<\/td>\n<td width=\"181\">\n<p class=\"western\"><span style=\"font-family: Calibri, serif;\">Zdravko Ka\u010di\u010d<\/span><\/p>\n<\/td>\n<td width=\"328\">\n<p class=\"western\"><span style=\"font-family: Calibri, serif;\">Detekcija objektov v tridimenzionalni sliki <\/span><\/p>\n<\/td>\n<\/tr>\n<tr valign=\"top\">\n<td width=\"52\">16.<\/td>\n<td width=\"181\">\n<p class=\"western\"><span style=\"font-family: Calibri, serif;\">Zdravko Ka\u010di\u010d<\/span><\/p>\n<\/td>\n<td width=\"328\">\n<p class=\"western\"><span style=\"font-family: Calibri, serif;\">Kontekstno pro\u017eene storitve v okolju IPTV<\/span><\/p>\n<\/td>\n<\/tr>\n<tr valign=\"top\">\n<td width=\"52\">17.<\/td>\n<td width=\"181\">\n<p class=\"western\"><span style=\"font-family: Calibri, serif;\">Mirjam Sepesy Mau\u010dec<\/span><\/p>\n<\/td>\n<td width=\"328\">\n<p class=\"western\"><span style=\"font-family: Calibri, serif;\">Modeliranje jezika z nevronskimi mre\u017eami<\/span><\/p>\n<\/td>\n<\/tr>\n<tr valign=\"top\">\n<td width=\"52\">18.<\/td>\n<td width=\"181\">\n<p class=\"western\"><span style=\"color: #000000;\"><span style=\"font-family: Calibri, serif;\">Zmago Brezo\u010dnik<\/span><\/span><\/p>\n<\/td>\n<td width=\"328\">\n<p class=\"western\"><span style=\"color: #000000;\"><span style=\"font-family: Calibri, serif;\">Orodje za grafi\u010dno prikazovanje protiprimerov pri verifikaciji sistemov s preverjalnikom modelov Spin<\/span><\/span><\/p>\n<\/td>\n<\/tr>\n<\/tbody>\n<\/table>\n<p>[\/vc_column_text][\/vc_tta_section][vc_tta_section title=&#8221;Visoko\u0161olski strokovni \u0161tudijski program 1. stopnje &#8211; Elektronika&#8221; tab_id=&#8221;1484832420731-29350666-2a7a&#8221;][vc_column_text]<\/p>\n<table width=\"610\" cellspacing=\"0\" cellpadding=\"8\">\n<colgroup>\n<col width=\"52\" \/>\n<col width=\"181\" \/>\n<col width=\"328\" \/> <\/colgroup>\n<tbody>\n<tr valign=\"top\">\n<td width=\"52\">Zap. \u0161t.<\/td>\n<td width=\"181\">Mentor<\/td>\n<td width=\"328\">Naslov teme<\/td>\n<\/tr>\n<tr valign=\"top\">\n<td width=\"52\">1.<\/td>\n<td width=\"181\">Mitja Solar<\/td>\n<td width=\"328\">Merilnik zelo majhnih faznih premikov<\/td>\n<\/tr>\n<tr valign=\"top\">\n<td width=\"52\">2.<\/td>\n<td width=\"181\">Mitja Solar<\/td>\n<td width=\"328\">Regulacija temperature v sistemih s fiksnim dotokom energije<\/td>\n<\/tr>\n<tr valign=\"top\">\n<td width=\"52\">3.<\/td>\n<td width=\"181\">Mitja Solar<\/td>\n<td width=\"328\">Animacije elektronskih gradnikov na spletu<\/td>\n<\/tr>\n<tr valign=\"top\">\n<td width=\"52\">4.<\/td>\n<td width=\"181\">Mitja Solar<\/td>\n<td width=\"328\">Mo\u010dnostni oja\u010devalnik v D razredu delovanja<\/td>\n<\/tr>\n<tr valign=\"top\">\n<td width=\"52\">5.<\/td>\n<td width=\"181\">Mitja Solar<\/td>\n<td width=\"328\">Stikalni regulator z vr\u0161no mo\u010djo<\/td>\n<\/tr>\n<tr valign=\"top\">\n<td width=\"52\">6.<\/td>\n<td width=\"181\">Zdravko Ka\u010di\u010d<\/td>\n<td width=\"328\">Spektralna analiza akusti\u010dnih signalov<\/td>\n<\/tr>\n<tr>\n<td valign=\"top\" width=\"52\">7.<\/td>\n<td width=\"181\">Zdravko Ka\u010di\u010d<\/td>\n<td width=\"328\">Zajemanje zvoka z mikrofonskimi polji<\/td>\n<\/tr>\n<tr valign=\"top\">\n<td width=\"52\">8.<\/td>\n<td width=\"181\">T. Dog\u0161a<\/td>\n<td width=\"328\">Uspe\u0161nost na\u010drtovanja in analize toleranc enostopenjskega oja\u010devalnika<\/td>\n<\/tr>\n<tr valign=\"top\">\n<td width=\"52\">9.<\/td>\n<td width=\"181\">T. Dog\u0161a<\/td>\n<td width=\"328\">Primerjava lastnosti med bipolarnim in CMOS diferen\u010dnim oja\u010devalnikom<\/td>\n<\/tr>\n<tr valign=\"top\">\n<td width=\"52\">10.<\/td>\n<td width=\"181\">Bogdan Dugonik<\/td>\n<td width=\"328\">Izvedba osnovnih logi\u010dnih funkcij z vezji CPLD (Digitalni sistemi)<\/td>\n<\/tr>\n<tr valign=\"top\">\n<td width=\"52\">11.<\/td>\n<td width=\"181\">Bogdan Dugonik<\/td>\n<td width=\"328\">Meritev akusti\u010dnih lastnosti materialov (AKUSTIKA)<\/td>\n<\/tr>\n<tr valign=\"top\">\n<td width=\"52\">12.<\/td>\n<td width=\"181\">Bogdan Dugonik<\/td>\n<td width=\"328\">Meritve za dolo\u010danje lo\u010dljivosti in ostrine videokamer (AVDIO IN VIDEO SISTEMI)<\/td>\n<\/tr>\n<tr valign=\"top\">\n<td width=\"52\">13.<\/td>\n<td width=\"181\">Zmago Brezo\u010dnik<\/td>\n<td width=\"328\">Izvedba visokonivojskih programskih funkcij za razvojno plo\u0161\u010do STM32L-DISCOVERY<\/td>\n<\/tr>\n<\/tbody>\n<\/table>\n<p>[\/vc_column_text][\/vc_tta_section][\/vc_tta_accordion][\/vc_column][\/vc_row]<\/p>","protected":false},"excerpt":{"rendered":"<p>[vc_row][vc_column][vc_tta_accordion][vc_tta_section title=&#8221;Splo\u0161na navodila&#8221; tab_id=&#8221;1484829285662-61443e6c-a554&#8243;][vc_column_text]For the academic year\u00a02016\/2017 the Institute of Electronics and Telecommunications proposed topics for diploma theses for first-cycle professional higher education study programmes and [&hellip;]<\/p>\n","protected":false},"author":1,"featured_media":0,"parent":4647,"menu_order":0,"comment_status":"open","ping_status":"open","template":"","meta":[],"_links":{"self":[{"href":"https:\/\/ietk.feri.um.si\/en\/wp-json\/wp\/v2\/pages\/4648"}],"collection":[{"href":"https:\/\/ietk.feri.um.si\/en\/wp-json\/wp\/v2\/pages"}],"about":[{"href":"https:\/\/ietk.feri.um.si\/en\/wp-json\/wp\/v2\/types\/page"}],"author":[{"embeddable":true,"href":"https:\/\/ietk.feri.um.si\/en\/wp-json\/wp\/v2\/users\/1"}],"replies":[{"embeddable":true,"href":"https:\/\/ietk.feri.um.si\/en\/wp-json\/wp\/v2\/comments?post=4648"}],"version-history":[{"count":12,"href":"https:\/\/ietk.feri.um.si\/en\/wp-json\/wp\/v2\/pages\/4648\/revisions"}],"predecessor-version":[{"id":5365,"href":"https:\/\/ietk.feri.um.si\/en\/wp-json\/wp\/v2\/pages\/4648\/revisions\/5365"}],"up":[{"embeddable":true,"href":"https:\/\/ietk.feri.um.si\/en\/wp-json\/wp\/v2\/pages\/4647"}],"wp:attachment":[{"href":"https:\/\/ietk.feri.um.si\/en\/wp-json\/wp\/v2\/media?parent=4648"}],"curies":[{"name":"wp","href":"https:\/\/api.w.org\/{rel}","templated":true}]}}