{"id":4630,"date":"2015-01-24T21:57:18","date_gmt":"2015-01-24T21:57:18","guid":{"rendered":"https:\/\/ietk.feri.um.si\/studij\/telekomunikacije\/mnenja-studentov\/"},"modified":"2019-02-07T18:20:59","modified_gmt":"2019-02-07T17:20:59","slug":"mnenja-studentov","status":"publish","type":"page","link":"https:\/\/ietk.feri.um.si\/en\/study\/telecommunications\/what-our-student-say\/","title":{"rendered":"What our student say"},"content":{"rendered":"<p><\/p>\n<p>[vc_row css=&#8221;.vc_custom_1549374354339{margin-bottom: 25px !important;}&#8221;][vc_column width=&#8221;1\/4&#8243;][vc_single_image image=&#8221;6078&#8243; img_size=&#8221;full&#8221; alignment=&#8221;center&#8221;][\/vc_column][vc_column width=&#8221;3\/4&#8243;][vc_column_text]<\/p>\n<h3><strong>Manja Frece, TK MAG<\/strong><\/h3>\n<p>Trenutna zaposlitev: NAVTEH d.o.o.<\/p>\n<p>Za \u0161tudij telekomunikacij sem se odlo\u010dila, ker je \u0161tudij perspektiven in obeta dobre zaposlitvene mo\u017enosti.\u00a0Ve\u010dina predmetov je problemsko naravnanih in spodbujajo kreativno razmi\u0161ljanje.\u00a0To vsekakor ni suhoparen \u0161tudij dejstev iz knjig, saj teoreti\u010dna znanja preverimo in potrdimo tudi v\u00a0praksi pri ra\u010dunalni\u0161kih in laboratorijskih vajah.\u00a0Profesorji in asistenti so vedno dostopni za diskusije in odprti\u00a0za nove ideje \u0161tudentov.<\/p>\n<p>Ob zaklju\u010dku \u0161tudija vidim, da sem pridobila veliko uporabnega znanja, ki mi bo v pomo\u010d pri iskanju zaposlitve. Upam, da jo \u010dimprej najdem in za\u010dnem nadgrajevati osvojeno znanje.[\/vc_column_text][\/vc_column][vc_column][vc_zigzag el_width=&#8221;80&#8243;][\/vc_column][\/vc_row][vc_row css=&#8221;.vc_custom_1549374381741{margin-bottom: 25px !important;}&#8221;][vc_column width=&#8221;1\/4&#8243;][vc_single_image image=&#8221;6079&#8243; img_size=&#8221;full&#8221; alignment=&#8221;center&#8221;][\/vc_column][vc_column width=&#8221;3\/4&#8243;][vc_column_text]<\/p>\n<h3><strong>Nina Vodopivc, TK MAG<\/strong><\/h3>\n<p>Trenutna zaposlitev: IP Network Expert na A1 Slovenija d. d.<\/p>\n<p>\u0160tudij mi je v\u0161e\u010d, ker je ob predavanjih veliko ra\u010dunalni\u0161kih in\u00a0laboratorijskih vaj, ki ga naredijo \u0161e pestrej\u0161ega. Spoznala sem, da se v laboratorijih in\u0161tituta ukvarjajo z\u00a0zelo zanimivimi podro\u010dji in v\u0161e\u010d mi je, da se lahko tudi mi, \u0161tudentke in \u0161tudenti, pridru\u017eimo delu na razli\u010dnih projektih.<\/p>\n<p>Na \u0161tudijskem programu telekomunikacije nas ni veliko, kar je prednost, saj je stik s profesorji in asistenti tako bolj intenziven, pristen in oseben. Seveda pa je odvisno od vsakega posameznika, kako bo znal to izkoristiti za pridobitev kvalitetnej\u0161ega znanja.[\/vc_column_text][\/vc_column][\/vc_row][vc_row css=&#8221;.vc_custom_1549374378315{margin-bottom: 25px !important;}&#8221;][vc_column width=&#8221;1\/4&#8243;][vc_single_image image=&#8221;6080&#8243; img_size=&#8221;full&#8221; alignment=&#8221;center&#8221;][\/vc_column][vc_column width=&#8221;3\/4&#8243;][vc_column_text]<\/p>\n<h3><strong>Jernej Bule,<\/strong>\u00a0<strong>univ. dipl. in\u017e. tel.<\/strong><\/h3>\n<p>Trenutna zaposlitev: IT Manager pri KLS Ljubno d. o. o.<\/p>\n<p>Za \u0161tudij me je navdu\u0161il prijatelj, ki je \u017ee bil \u0161tudent Telekomunikacij pa tudi sam sem si \u017ee od nekdaj \u017eelel \u0161tudija, ki bi mi omogo\u010dil podrobneje spoznati ra\u010dunalnike, omre\u017eja ter razne komunikacijske naprave. Po prvem letu \u0161tudija sem ugotovil, da sem se pravilno odlo\u010dil, saj je bil FERI to\u010dno to, kar sem pri\u010dakoval. Med \u0161tudijem sem pridobil \u0161tevilna teoreti\u010dna in prakti\u010dna znanja. \u010ce sedaj pogledam nazaj na pretekla \u0161tudijska leta, mi je \u017eal, da se nisem bolj aktivno vklju\u010dil v raziskovalno delo, ki nam je bilo ponujeno. \u0160tudij telekomunikacij vsekakor priporo\u010dam vsem, ki \u017eelijo imeti dobre zaposlitvene mo\u017enosti.[\/vc_column_text][\/vc_column][\/vc_row][vc_row css=&#8221;.vc_custom_1549374389985{margin-bottom: 25px !important;}&#8221;][vc_column width=&#8221;1\/4&#8243;][vc_single_image image=&#8221;6081&#8243; img_size=&#8221;full&#8221; alignment=&#8221;center&#8221;][\/vc_column][vc_column width=&#8221;3\/4&#8243;][vc_column_text]<\/p>\n<h3><strong>Ale\u0161 \u0160tricelj, univ. dipl. in\u017e. tel.<\/strong><\/h3>\n<p style=\"text-align: justify;\">Trenutna zaposlitev: Termoelektrarna Brestanica d.o.o<\/p>\n<p style=\"text-align: justify;\">\u0160tudij telekomunikacij je zame predstavljal nekak\u0161en izziv, hkrati pa dober obet za pridobitev zaposlitve\u2026<\/p>\n<p style=\"text-align: justify;\">Pred samim vpisom v 1. letnik mi je pogled nekako s strahom uhajal na predmetnik, vendar sem kmalu spoznal, da z rednim delom in obiskovanjem predavanj ter vaj \u0161tudent kmalu pridobi ritem dela in rezultate. Sledil je vpis v drugi, tretji in \u010detrti letnik. V teh letnikih \u0161tudent veliko \u010dasa posveti laboratorijskim, ra\u010dunalni\u0161kim ter avditornim vajam. Sam lahko pritrdim, da je med \u0161tudijem na programu telekomunikacij prisotnega veliko individualnega, hkrati pa tudi skupinskega dela v okviru vaj, kjer \u0161tudent spozna pomen sodelovanja in skupnega dela k zastavljenim ciljem. V \u010dasu \u0161tudija smo imeli \u0161tudenti telekomunikacij mo\u017enost spoznati ogromno tehnologij iz sveta telekomunikacij, vklju\u010ditve v razne laboratorije v okviru fakultete, prav tako pa smo se vsako leto odpravili na razne strokovne prireditve in konference.<\/p>\n<p style=\"text-align: justify;\">\u2026sedaj po kon\u010danem \u0161tudiju telekomunikacij lahko to samo \u0161e potrdim. Sam sem \u017ee v \u010dasu \u0161tudija pridobil kadrovsko \u0161tipendijo v gospodarski dru\u017ebi in lahko iz izku\u0161enj povem, da kadrov na tem podro\u010dju primanjkuje in so iskani. \u0160tudijski program mi je podal osnovo za delo, ki ga tudi sedaj opravljam v dru\u017ebi, hkrati pa mi je odprl mo\u017enosti nadaljnjega \u0161olanja ter izobra\u017eevanja. Sam tako poleg redne zaposlitve opravljam \u0161e \u0161tudij na podiplomskem \u0161tudijskem programu. Vsem, ki razmi\u0161ljajo o \u0161tudiju na programu Telekomunikacije, \u0161tudij vsekakor priporo\u010dam, hkrati pa vse bodo\u010de \u0161tudente telekomunikacij lepo pozdravljam in jim \u017eelim veliko uspehov med samim \u0161tudijem.<\/p>\n<p>[\/vc_column_text][\/vc_column][\/vc_row][vc_row css=&#8221;.vc_custom_1549374398705{margin-bottom: 25px !important;}&#8221;][vc_column width=&#8221;1\/4&#8243;][vc_single_image image=&#8221;6082&#8243; img_size=&#8221;full&#8221; alignment=&#8221;center&#8221;][\/vc_column][vc_column width=&#8221;3\/4&#8243;][vc_column_text]<\/p>\n<h3><strong>Goran \u0160trok, univ. dipl. in\u017e. tel.<\/strong><\/h3>\n<p style=\"text-align: justify;\">Trenutna zaposlitev : Razvojni in\u017eenir; Iskratel, d.o.o.<\/p>\n<p>Delovne naloge: razvoj programske opreme za vgrajene telekomunikacijske sisteme, diagnostika komponent strojne opreme, kakovost govora pri telefoniji IP &#8211; QoS (protokoli RTP, RTCP), testiranje\/dokumentacija\/vzdr\u017eevanje programske opreme[\/vc_column_text][\/vc_column][\/vc_row][vc_row css=&#8221;.vc_custom_1549374402679{margin-bottom: 25px !important;}&#8221;][vc_column width=&#8221;1\/4&#8243;][vc_single_image image=&#8221;6083&#8243; img_size=&#8221;full&#8221; alignment=&#8221;center&#8221;][\/vc_column][vc_column width=&#8221;3\/4&#8243;][vc_column_text]<\/p>\n<h3><strong>Andrej \u0160umak, univ. dipl. in\u017e. tel.<\/strong><\/h3>\n<p style=\"text-align: justify;\">Trenutna zaposlitev:\u00a0NTS Netzwerk Telekom Service AG<br \/>\nDelovno mesto: sistemski in\u017eenir<\/p>\n<p style=\"text-align: justify;\">Opis dela: svetovanje, na\u010drtovanje, implementacija in vzdr\u017eevanje IP omre\u017eij pri strankah. V to sodi konfiguriranje vseh vrst omre\u017enih naprav, kot so usmerjevalniki, stikala, po\u017earne pregrade itd., ki skupaj tvorijo kompleksna omre\u017eja in nam dandanes vsem omogo\u010dajo normalno delo.<\/p>\n<p>[\/vc_column_text][\/vc_column][\/vc_row][vc_row css=&#8221;.vc_custom_1549374409147{margin-bottom: 25px !important;}&#8221;][vc_column width=&#8221;1\/4&#8243;][vc_single_image image=&#8221;6084&#8243; img_size=&#8221;full&#8221; alignment=&#8221;center&#8221;][\/vc_column][vc_column width=&#8221;3\/4&#8243;][vc_column_text]<\/p>\n<p style=\"text-align: justify;\"><strong style=\"font-size: 16px;\">Iztok Gorjanc, univ. dipl. in\u017e. tel. in dipl. in\u017e. el.<\/strong><\/p>\n<p style=\"text-align: justify;\">Trenutna zaposlitev: T-2 d.o.o.<\/p>\n<p>[\/vc_column_text][\/vc_column][\/vc_row]<\/p>\n<p><\/p>","protected":false},"excerpt":{"rendered":"<p>[vc_row css=&#8221;.vc_custom_1549374354339{margin-bottom: 25px !important;}&#8221;][vc_column width=&#8221;1\/4&#8243;][vc_single_image image=&#8221;6078&#8243; img_size=&#8221;full&#8221; alignment=&#8221;center&#8221;][\/vc_column][vc_column width=&#8221;3\/4&#8243;][vc_column_text] Manja Frece, TK MAG Trenutna zaposlitev: NAVTEH d.o.o. Za \u0161tudij telekomunikacij sem se odlo\u010dila, ker je \u0161tudij [&hellip;]<\/p>\n","protected":false},"author":1,"featured_media":0,"parent":4624,"menu_order":0,"comment_status":"open","ping_status":"open","template":"","meta":[],"_links":{"self":[{"href":"https:\/\/ietk.feri.um.si\/en\/wp-json\/wp\/v2\/pages\/4630"}],"collection":[{"href":"https:\/\/ietk.feri.um.si\/en\/wp-json\/wp\/v2\/pages"}],"about":[{"href":"https:\/\/ietk.feri.um.si\/en\/wp-json\/wp\/v2\/types\/page"}],"author":[{"embeddable":true,"href":"https:\/\/ietk.feri.um.si\/en\/wp-json\/wp\/v2\/users\/1"}],"replies":[{"embeddable":true,"href":"https:\/\/ietk.feri.um.si\/en\/wp-json\/wp\/v2\/comments?post=4630"}],"version-history":[{"count":19,"href":"https:\/\/ietk.feri.um.si\/en\/wp-json\/wp\/v2\/pages\/4630\/revisions"}],"predecessor-version":[{"id":6097,"href":"https:\/\/ietk.feri.um.si\/en\/wp-json\/wp\/v2\/pages\/4630\/revisions\/6097"}],"up":[{"embeddable":true,"href":"https:\/\/ietk.feri.um.si\/en\/wp-json\/wp\/v2\/pages\/4624"}],"wp:attachment":[{"href":"https:\/\/ietk.feri.um.si\/en\/wp-json\/wp\/v2\/media?parent=4630"}],"curies":[{"name":"wp","href":"https:\/\/api.w.org\/{rel}","templated":true}]}}