{"id":4624,"date":"2015-01-17T17:05:45","date_gmt":"2015-01-17T17:05:45","guid":{"rendered":"https:\/\/ietk.feri.um.si\/studij\/telekomunikacije\/"},"modified":"2019-02-05T14:58:04","modified_gmt":"2019-02-05T13:58:04","slug":"telekomunikacije","status":"publish","type":"page","link":"https:\/\/ietk.feri.um.si\/en\/study\/telecommunications\/","title":{"rendered":"Telecommunications"},"content":{"rendered":"<p>[vc_row][vc_column][vc_column_text]Konvergenca podro\u010dij elektronike, ra\u010dunalni\u0161tva, radiodifuzije in govornih ter podatkovnih \u017ei\u010dnih in brez\u017ei\u010dnih komunikacij je postavila podro\u010dje telekomunikacij v sredi\u0161\u010de sodobnega razvoja komunikacijskih tehnologij. Temu sledi tudi \u0161tudijski program Telekomunikacije, v katerega smo ob prehodu na bolonjski \u0161tudijski program vklju\u010dili vsebine, ki celostno pokrivajo podro\u010dja:<\/p>\n<ul>\n<li>sodobnih ra\u010dunalni\u0161kih komunikacijskih omre\u017eij,<a class=\"polaroid right\" href=\"#\" rel=\"\u0160tudenti telekomunikacij\"><img loading=\"lazy\" class=\"alignright wp-image-2613\" src=\"https:\/\/ietk.feri.um.si\/wp-content\/uploads\/2013\/03\/G216_7.jpg\" alt=\"G216_7\" width=\"314\" height=\"209\" \/><\/a><\/li>\n<li>interneta,<\/li>\n<li>\u017ei\u010dnih in brez\u017ei\u010dnih telefonskih<br \/>\nkomunikacijskih omre\u017eij,<\/li>\n<li>digitalnega radia in televizije,<\/li>\n<li>komunikacijskih in oddajnih sistemov,<\/li>\n<li>sodobnih komunikacijskih vmesnikov in storitev ter<\/li>\n<li>digitalnega procesiranja signalov.<\/li>\n<\/ul>\n<p>\u0160tudijski program tako podaja v prvih letnikih \u0161tudija predvsem poglobljena temeljna znanja, z mno\u017eico izbirnih predmetov v vi\u0161jih letnikih pa \u0161tudentke in \u0161tudenti poglobijo strokovna znanja na izbranih podro\u010djih komunikacijskih tehnologij. Izvajanje \u0161tudijskega programa poteka v tesni povezanosti z industrijo, kar se ka\u017ee tudi v dejstvu, da veliko \u0161tudentk in \u0161tudentov svoje diplomske naloge opravlja v razli\u010dnih podjetjih ali pa v okviru raziskovalnih projektov, ki jih In\u0161titut za elektroniko in telekomunikacije izvaja skupaj z industrijo.[\/vc_column_text][\/vc_column][\/vc_row]<\/p>","protected":false},"excerpt":{"rendered":"<p>[vc_row][vc_column][vc_column_text]Konvergenca podro\u010dij elektronike, ra\u010dunalni\u0161tva, radiodifuzije in govornih ter podatkovnih \u017ei\u010dnih in brez\u017ei\u010dnih komunikacij je postavila podro\u010dje telekomunikacij v sredi\u0161\u010de sodobnega razvoja komunikacijskih tehnologij. Temu sledi tudi [&hellip;]<\/p>\n","protected":false},"author":1,"featured_media":0,"parent":4623,"menu_order":0,"comment_status":"open","ping_status":"open","template":"","meta":[],"_links":{"self":[{"href":"https:\/\/ietk.feri.um.si\/en\/wp-json\/wp\/v2\/pages\/4624"}],"collection":[{"href":"https:\/\/ietk.feri.um.si\/en\/wp-json\/wp\/v2\/pages"}],"about":[{"href":"https:\/\/ietk.feri.um.si\/en\/wp-json\/wp\/v2\/types\/page"}],"author":[{"embeddable":true,"href":"https:\/\/ietk.feri.um.si\/en\/wp-json\/wp\/v2\/users\/1"}],"replies":[{"embeddable":true,"href":"https:\/\/ietk.feri.um.si\/en\/wp-json\/wp\/v2\/comments?post=4624"}],"version-history":[{"count":20,"href":"https:\/\/ietk.feri.um.si\/en\/wp-json\/wp\/v2\/pages\/4624\/revisions"}],"predecessor-version":[{"id":6093,"href":"https:\/\/ietk.feri.um.si\/en\/wp-json\/wp\/v2\/pages\/4624\/revisions\/6093"}],"up":[{"embeddable":true,"href":"https:\/\/ietk.feri.um.si\/en\/wp-json\/wp\/v2\/pages\/4623"}],"wp:attachment":[{"href":"https:\/\/ietk.feri.um.si\/en\/wp-json\/wp\/v2\/media?parent=4624"}],"curies":[{"name":"wp","href":"https:\/\/api.w.org\/{rel}","templated":true}]}}