{"id":3205,"date":"2015-01-17T17:06:04","date_gmt":"2015-01-17T17:06:04","guid":{"rendered":"https:\/\/ietk.feri.um.si\/domov-2\/"},"modified":"2019-12-12T10:42:52","modified_gmt":"2019-12-12T09:42:52","slug":"domov-2","status":"publish","type":"page","link":"https:\/\/ietk.feri.um.si\/en\/","title":{"rendered":"Domov"},"content":{"rendered":"<p>[vc_row][vc_column][\/vc_column][\/vc_row][vc_row][vc_column css=&#8221;.vc_custom_1422201604623{padding-top: 25px !important;}&#8221;][vc_column_text]<\/p>\n<h1><img style=\"width: 22px;\" src=\"\/wp-content\/uploads\/2015\/01\/idea.png\" alt=\"\" \/>\u00a0Study programmes<\/h1>\n<p>[\/vc_column_text][\/vc_column][\/vc_row][vc_row][vc_column width=&#8221;1\/2&#8243;]<div class=\"icon_box icon_position_top no_border\"><a class=\"\" href=\"\/en\/study\/telecommunications\" ><div class=\"image_wrapper\"><img src=\"https:\/\/ietk.feri.um.si\/wp-content\/uploads\/2017\/12\/cloud-e1513775898965.png\" alt=\"Telecommunications\" class=\"scale-with-grid\" \/><\/div><div class=\"desc_wrapper\"><h4>Telecommunications<\/h4><div class=\"desc\">Undergraduate and graduate academic-degree study program of Telecommunications<\/div><\/div><\/a><\/div>\n[\/vc_column][vc_column width=&#8221;1\/2&#8243;]<div class=\"icon_box icon_position_top no_border\"><a class=\"\" href=\"\/en\/study\/electrical-engineering-electronics\/\" ><div class=\"image_wrapper\"><img src=\"https:\/\/ietk.feri.um.si\/wp-content\/uploads\/2017\/12\/Elektronika.png\" alt=\"Electrical engineering, Electronics\" class=\"scale-with-grid\" \/><\/div><div class=\"desc_wrapper\"><h4>Electrical engineering, Electronics<\/h4><div class=\"desc\"> Undergraduate academic-degree and professional higher educational program, and postgraduate study. <\/div><\/div><\/a><\/div>\n[\/vc_column][\/vc_row][vc_row][vc_column][vc_column_text css=&#8221;.vc_custom_1422360603156{padding-bottom: 20px !important;}&#8221;]<\/p>\n<h1><img style=\"width: 22px;\" src=\"\/wp-content\/uploads\/2015\/01\/novice.png\" alt=\"\" \/>\u00a0News<\/h1>\n<p>[\/vc_column_text][\/vc_column][vc_column offset=&#8221;vc_hidden-md vc_hidden-sm vc_hidden-xs&#8221;][vc_carousel layout=&#8221;title|link_post,image|link_post,text|excerpt&#8221; speed=&#8221;7500&#8243; slides_per_view=&#8221;4&#8243; autoplay=&#8221;yes&#8221; wrap=&#8221;yes&#8221;][\/vc_column][vc_column offset=&#8221;vc_hidden-lg&#8221;][vc_carousel layout=&#8221;title|link_post,image|link_post,text|excerpt&#8221; speed=&#8221;7500&#8243; autoplay=&#8221;yes&#8221; wrap=&#8221;yes&#8221;][\/vc_column][\/vc_row][vc_row][vc_column][vc_column_text]<\/p>\n<h1><img style=\"width: 22px;\" src=\"\/wp-content\/uploads\/2015\/01\/projekt.png\" alt=\"\" \/>\u00a0Projects<\/h1>\n<p>[\/vc_column_text]<div class=\"portfolio_wrapper isotope_wrapper \"><ul class=\"portfolio_group lm_wrapper isotope grid\"><li class=\"portfolio-item isotope-item \"><div class=\"portfolio-item-fw-bg\" ><div class=\"portfolio-item-fw-wrapper\"><div class=\"list_style_header\"><h3 class=\"entry-title\" itemprop=\"headline\"><a href=\"https:\/\/ietk.feri.um.si\/en\/portfolio\/iqdom\/\">(Sloven\u0161\u010dina) IQ Dom<\/a><\/h3><div class=\"links_wrapper\"><a href=\"#\" class=\"button button_js portfolio_prev_js\"><span class=\"button_icon\"><i class=\"icon-up-open\"><\/i><\/span><\/a><a href=\"#\" class=\"button button_js portfolio_next_js\"><span class=\"button_icon\"><i class=\"icon-down-open\"><\/i><\/span><\/a><a href=\"https:\/\/ietk.feri.um.si\/en\/portfolio\/iqdom\/\" class=\"button button_left button_theme button_js\"><span class=\"button_icon\"><i class=\"icon-link\"><\/i><\/span><span class=\"button_label\">Read more<\/span><\/a><\/div><\/div><div class=\"image_frame scale-with-grid\"><div class=\"image_wrapper\"><a href=\"https:\/\/ietk.feri.um.si\/en\/portfolio\/iqdom\/\"><div class=\"mask\"><\/div><img width=\"550\" height=\"550\" src=\"https:\/\/ietk.feri.um.si\/wp-content\/uploads\/2017\/12\/IQhome_Logotype-sq-550x550.png\" class=\"scale-with-grid wp-post-image\" alt=\"\" loading=\"lazy\" itemprop=\"image\" srcset=\"https:\/\/ietk.feri.um.si\/wp-content\/uploads\/2017\/12\/IQhome_Logotype-sq-550x550.png 550w, https:\/\/ietk.feri.um.si\/wp-content\/uploads\/2017\/12\/IQhome_Logotype-sq-150x150.png 150w, https:\/\/ietk.feri.um.si\/wp-content\/uploads\/2017\/12\/IQhome_Logotype-sq-300x300.png 300w, https:\/\/ietk.feri.um.si\/wp-content\/uploads\/2017\/12\/IQhome_Logotype-sq-768x768.png 768w, https:\/\/ietk.feri.um.si\/wp-content\/uploads\/2017\/12\/IQhome_Logotype-sq-146x146.png 146w, https:\/\/ietk.feri.um.si\/wp-content\/uploads\/2017\/12\/IQhome_Logotype-sq-50x50.png 50w, https:\/\/ietk.feri.um.si\/wp-content\/uploads\/2017\/12\/IQhome_Logotype-sq-576x576.png 576w, https:\/\/ietk.feri.um.si\/wp-content\/uploads\/2017\/12\/IQhome_Logotype-sq-80x80.png 80w, https:\/\/ietk.feri.um.si\/wp-content\/uploads\/2017\/12\/IQhome_Logotype-sq-85x85.png 85w, https:\/\/ietk.feri.um.si\/wp-content\/uploads\/2017\/12\/IQhome_Logotype-sq-75x75.png 75w, https:\/\/ietk.feri.um.si\/wp-content\/uploads\/2017\/12\/IQhome_Logotype-sq-280x280.png 280w, https:\/\/ietk.feri.um.si\/wp-content\/uploads\/2017\/12\/IQhome_Logotype-sq.png 804w\" sizes=\"(max-width: 550px) 100vw, 550px\" \/><\/a><div class=\"image_links hover-title\"><a href=\"https:\/\/ietk.feri.um.si\/en\/portfolio\/iqdom\/\">(Sloven\u0161\u010dina) IQ Dom<\/a><\/div><\/div><\/div><div class=\"desc\"><div class=\"title_wrapper\"><h5 class=\"entry-title\" itemprop=\"headline\"><a href=\"https:\/\/ietk.feri.um.si\/en\/portfolio\/iqdom\/\">(Sloven\u0161\u010dina) IQ Dom<\/a><\/h5><div class=\"button-love\"><a href=\"#\" class=\"mfn-love \" data-id=\"5668\"><span class=\"icons-wrapper\"><i class=\"icon-heart-empty-fa\"><\/i><i class=\"icon-heart-fa\"><\/i><\/span><span class=\"label\">32<\/span><\/a><\/div><\/div><div class=\"details-wrapper\"><dl><dt>Date<\/dt><dd>Thursday December 21st, 2017<\/dd><\/dl><\/div><div class=\"desc-wrapper\">Sorry, this entry is only available in Slovenian. For the sake of viewer convenience, the content is shown below in the alternative language. You may click [&hellip;]<\/div><\/div><\/div><\/div><\/li><li class=\"portfolio-item isotope-item \"><div class=\"portfolio-item-fw-bg\" ><div class=\"portfolio-item-fw-wrapper\"><div class=\"list_style_header\"><h3 class=\"entry-title\" itemprop=\"headline\"><a href=\"https:\/\/ietk.feri.um.si\/en\/portfolio\/slovenscina-slovenscina-na-dlani-2\/\">(Sloven\u0161\u010dina) Sloven\u0161\u010dina na dlani 2<\/a><\/h3><div class=\"links_wrapper\"><a href=\"#\" class=\"button button_js portfolio_prev_js\"><span class=\"button_icon\"><i class=\"icon-up-open\"><\/i><\/span><\/a><a href=\"#\" class=\"button button_js portfolio_next_js\"><span class=\"button_icon\"><i class=\"icon-down-open\"><\/i><\/span><\/a><a href=\"https:\/\/ietk.feri.um.si\/en\/portfolio\/slovenscina-slovenscina-na-dlani-2\/\" class=\"button button_left button_theme button_js\"><span class=\"button_icon\"><i class=\"icon-link\"><\/i><\/span><span class=\"button_label\">Read more<\/span><\/a><\/div><\/div><div class=\"image_frame scale-with-grid\"><div class=\"image_wrapper\"><a href=\"https:\/\/ietk.feri.um.si\/en\/portfolio\/slovenscina-slovenscina-na-dlani-2\/\"><div class=\"mask\"><\/div><img width=\"340\" height=\"340\" src=\"https:\/\/ietk.feri.um.si\/wp-content\/uploads\/2017\/12\/slonadlani-logo.png\" class=\"scale-with-grid wp-post-image\" alt=\"\" loading=\"lazy\" itemprop=\"image\" srcset=\"https:\/\/ietk.feri.um.si\/wp-content\/uploads\/2017\/12\/slonadlani-logo.png 340w, https:\/\/ietk.feri.um.si\/wp-content\/uploads\/2017\/12\/slonadlani-logo-150x150.png 150w, https:\/\/ietk.feri.um.si\/wp-content\/uploads\/2017\/12\/slonadlani-logo-300x300.png 300w, https:\/\/ietk.feri.um.si\/wp-content\/uploads\/2017\/12\/slonadlani-logo-146x146.png 146w, https:\/\/ietk.feri.um.si\/wp-content\/uploads\/2017\/12\/slonadlani-logo-50x50.png 50w, https:\/\/ietk.feri.um.si\/wp-content\/uploads\/2017\/12\/slonadlani-logo-80x80.png 80w, https:\/\/ietk.feri.um.si\/wp-content\/uploads\/2017\/12\/slonadlani-logo-85x85.png 85w, https:\/\/ietk.feri.um.si\/wp-content\/uploads\/2017\/12\/slonadlani-logo-75x75.png 75w, https:\/\/ietk.feri.um.si\/wp-content\/uploads\/2017\/12\/slonadlani-logo-280x280.png 280w\" sizes=\"(max-width: 340px) 100vw, 340px\" \/><\/a><div class=\"image_links hover-title\"><a href=\"https:\/\/ietk.feri.um.si\/en\/portfolio\/slovenscina-slovenscina-na-dlani-2\/\">(Sloven\u0161\u010dina) Sloven\u0161\u010dina na dlani 2<\/a><\/div><\/div><\/div><div class=\"desc\"><div class=\"title_wrapper\"><h5 class=\"entry-title\" itemprop=\"headline\"><a href=\"https:\/\/ietk.feri.um.si\/en\/portfolio\/slovenscina-slovenscina-na-dlani-2\/\">(Sloven\u0161\u010dina) Sloven\u0161\u010dina na dlani 2<\/a><\/h5><div class=\"button-love\"><a href=\"#\" class=\"mfn-love \" data-id=\"6334\"><span class=\"icons-wrapper\"><i class=\"icon-heart-empty-fa\"><\/i><i class=\"icon-heart-fa\"><\/i><\/span><span class=\"label\">0<\/span><\/a><\/div><\/div><div class=\"details-wrapper\"><dl><dt>Date<\/dt><dd>Tuesday November  8th, 2022<\/dd><\/dl><\/div><div class=\"desc-wrapper\">Sorry, this entry is only available in Slovenian. For the sake of viewer convenience, the content is shown below in the alternative language. You may click [&hellip;]<\/div><\/div><\/div><\/div><\/li><li class=\"portfolio-item isotope-item \"><div class=\"portfolio-item-fw-bg\" ><div class=\"portfolio-item-fw-wrapper\"><div class=\"list_style_header\"><h3 class=\"entry-title\" itemprop=\"headline\"><a href=\"https:\/\/ietk.feri.um.si\/en\/portfolio\/sumat\/\">SUMAT<\/a><\/h3><div class=\"links_wrapper\"><a href=\"#\" class=\"button button_js portfolio_prev_js\"><span class=\"button_icon\"><i class=\"icon-up-open\"><\/i><\/span><\/a><a href=\"#\" class=\"button button_js portfolio_next_js\"><span class=\"button_icon\"><i class=\"icon-down-open\"><\/i><\/span><\/a><a href=\"https:\/\/ietk.feri.um.si\/en\/portfolio\/sumat\/\" class=\"button button_left button_theme button_js\"><span class=\"button_icon\"><i class=\"icon-link\"><\/i><\/span><span class=\"button_label\">Read more<\/span><\/a><\/div><\/div><div class=\"image_frame scale-with-grid\"><div class=\"image_wrapper\"><a href=\"https:\/\/ietk.feri.um.si\/en\/portfolio\/sumat\/\"><div class=\"mask\"><\/div><img width=\"550\" height=\"550\" src=\"https:\/\/ietk.feri.um.si\/wp-content\/uploads\/2015\/01\/sumat-550x550.png\" class=\"scale-with-grid wp-post-image\" alt=\"\" loading=\"lazy\" itemprop=\"image\" srcset=\"https:\/\/ietk.feri.um.si\/wp-content\/uploads\/2015\/01\/sumat-550x550.png 550w, https:\/\/ietk.feri.um.si\/wp-content\/uploads\/2015\/01\/sumat-150x150.png 150w, https:\/\/ietk.feri.um.si\/wp-content\/uploads\/2015\/01\/sumat-300x300.png 300w, https:\/\/ietk.feri.um.si\/wp-content\/uploads\/2015\/01\/sumat-146x146.png 146w, https:\/\/ietk.feri.um.si\/wp-content\/uploads\/2015\/01\/sumat-50x50.png 50w, https:\/\/ietk.feri.um.si\/wp-content\/uploads\/2015\/01\/sumat-576x576.png 576w, https:\/\/ietk.feri.um.si\/wp-content\/uploads\/2015\/01\/sumat-80x80.png 80w, https:\/\/ietk.feri.um.si\/wp-content\/uploads\/2015\/01\/sumat-85x85.png 85w, https:\/\/ietk.feri.um.si\/wp-content\/uploads\/2015\/01\/sumat-75x75.png 75w, https:\/\/ietk.feri.um.si\/wp-content\/uploads\/2015\/01\/sumat-280x280.png 280w, https:\/\/ietk.feri.um.si\/wp-content\/uploads\/2015\/01\/sumat.png 590w\" sizes=\"(max-width: 550px) 100vw, 550px\" \/><\/a><div class=\"image_links hover-title\"><a href=\"https:\/\/ietk.feri.um.si\/en\/portfolio\/sumat\/\">SUMAT<\/a><\/div><\/div><\/div><div class=\"desc\"><div class=\"title_wrapper\"><h5 class=\"entry-title\" itemprop=\"headline\"><a href=\"https:\/\/ietk.feri.um.si\/en\/portfolio\/sumat\/\">SUMAT<\/a><\/h5><div class=\"button-love\"><a href=\"#\" class=\"mfn-love \" data-id=\"4557\"><span class=\"icons-wrapper\"><i class=\"icon-heart-empty-fa\"><\/i><i class=\"icon-heart-fa\"><\/i><\/span><span class=\"label\">40<\/span><\/a><\/div><\/div><div class=\"details-wrapper\"><dl><dt>Date<\/dt><dd>Tuesday January 27th, 2015<\/dd><\/dl><\/div><div class=\"desc-wrapper\">[vc_row][vc_column width=&#8221;1\/2&#8243;][vc_single_image image=&#8221;4528&#8243; img_size=&#8221;full&#8221;][\/vc_column][vc_column width=&#8221;1\/2&#8243;][vc_column_text]Within the scope of the SUMAT project and the use of the statistical machine translation the service of translating subtitles was developed. [&hellip;]<\/div><\/div><\/div><\/div><\/li><li class=\"portfolio-item isotope-item \"><div class=\"portfolio-item-fw-bg\" ><div class=\"portfolio-item-fw-wrapper\"><div class=\"list_style_header\"><h3 class=\"entry-title\" itemprop=\"headline\"><a href=\"https:\/\/ietk.feri.um.si\/en\/portfolio\/slovenscina-saial\/\">(Sloven\u0161\u010dina) SAIAL<\/a><\/h3><div class=\"links_wrapper\"><a href=\"#\" class=\"button button_js portfolio_prev_js\"><span class=\"button_icon\"><i class=\"icon-up-open\"><\/i><\/span><\/a><a href=\"#\" class=\"button button_js portfolio_next_js\"><span class=\"button_icon\"><i class=\"icon-down-open\"><\/i><\/span><\/a><a href=\"https:\/\/ietk.feri.um.si\/en\/portfolio\/slovenscina-saial\/\" class=\"button button_left button_theme button_js\"><span class=\"button_icon\"><i class=\"icon-link\"><\/i><\/span><span class=\"button_label\">Read more<\/span><\/a><\/div><\/div><div class=\"image_frame scale-with-grid\"><div class=\"image_wrapper\"><a href=\"https:\/\/ietk.feri.um.si\/en\/portfolio\/slovenscina-saial\/\"><div class=\"mask\"><\/div><img width=\"200\" height=\"200\" src=\"https:\/\/ietk.feri.um.si\/wp-content\/uploads\/2018\/10\/logo-SAIAL.png\" class=\"scale-with-grid wp-post-image\" alt=\"\" loading=\"lazy\" itemprop=\"image\" srcset=\"https:\/\/ietk.feri.um.si\/wp-content\/uploads\/2018\/10\/logo-SAIAL.png 200w, https:\/\/ietk.feri.um.si\/wp-content\/uploads\/2018\/10\/logo-SAIAL-150x150.png 150w, https:\/\/ietk.feri.um.si\/wp-content\/uploads\/2018\/10\/logo-SAIAL-146x146.png 146w, https:\/\/ietk.feri.um.si\/wp-content\/uploads\/2018\/10\/logo-SAIAL-50x50.png 50w, https:\/\/ietk.feri.um.si\/wp-content\/uploads\/2018\/10\/logo-SAIAL-80x80.png 80w, https:\/\/ietk.feri.um.si\/wp-content\/uploads\/2018\/10\/logo-SAIAL-85x85.png 85w, https:\/\/ietk.feri.um.si\/wp-content\/uploads\/2018\/10\/logo-SAIAL-75x75.png 75w\" sizes=\"(max-width: 200px) 100vw, 200px\" \/><\/a><div class=\"image_links hover-title\"><a href=\"https:\/\/ietk.feri.um.si\/en\/portfolio\/slovenscina-saial\/\">(Sloven\u0161\u010dina) SAIAL<\/a><\/div><\/div><\/div><div class=\"desc\"><div class=\"title_wrapper\"><h5 class=\"entry-title\" itemprop=\"headline\"><a href=\"https:\/\/ietk.feri.um.si\/en\/portfolio\/slovenscina-saial\/\">(Sloven\u0161\u010dina) SAIAL<\/a><\/h5><div class=\"button-love\"><a href=\"#\" class=\"mfn-love \" data-id=\"5996\"><span class=\"icons-wrapper\"><i class=\"icon-heart-empty-fa\"><\/i><i class=\"icon-heart-fa\"><\/i><\/span><span class=\"label\">19<\/span><\/a><\/div><\/div><div class=\"details-wrapper\"><dl><dt>Date<\/dt><dd>Monday October  8th, 2018<\/dd><\/dl><\/div><div class=\"desc-wrapper\">Sorry, this entry is only available in Slovenian. For the sake of viewer convenience, the content is shown below in the alternative language. You may click [&hellip;]<\/div><\/div><\/div><\/div><\/li><\/ul><\/div>\n[\/vc_column][\/vc_row]<\/p>","protected":false},"excerpt":{"rendered":"<p>[vc_row][vc_column][\/vc_column][\/vc_row][vc_row][vc_column css=&#8221;.vc_custom_1422201604623{padding-top: 25px !important;}&#8221;][vc_column_text] \u00a0Study programmes [\/vc_column_text][\/vc_column][\/vc_row][vc_row][vc_column width=&#8221;1\/2&#8243;][\/vc_column][vc_column width=&#8221;1\/2&#8243;][\/vc_column][\/vc_row][vc_row][vc_column][vc_column_text css=&#8221;.vc_custom_1422360603156{padding-bottom: 20px !important;}&#8221;] \u00a0News [\/vc_column_text][\/vc_column][vc_column offset=&#8221;vc_hidden-md vc_hidden-sm vc_hidden-xs&#8221;][vc_carousel layout=&#8221;title|link_post,image|link_post,text|excerpt&#8221; speed=&#8221;7500&#8243; slides_per_view=&#8221;4&#8243; autoplay=&#8221;yes&#8221; wrap=&#8221;yes&#8221;][\/vc_column][vc_column offset=&#8221;vc_hidden-lg&#8221;][vc_carousel layout=&#8221;title|link_post,image|link_post,text|excerpt&#8221; speed=&#8221;7500&#8243; autoplay=&#8221;yes&#8221; [&hellip;]<\/p>\n","protected":false},"author":1,"featured_media":0,"parent":0,"menu_order":1,"comment_status":"open","ping_status":"open","template":"","meta":[],"_links":{"self":[{"href":"https:\/\/ietk.feri.um.si\/en\/wp-json\/wp\/v2\/pages\/3205"}],"collection":[{"href":"https:\/\/ietk.feri.um.si\/en\/wp-json\/wp\/v2\/pages"}],"about":[{"href":"https:\/\/ietk.feri.um.si\/en\/wp-json\/wp\/v2\/types\/page"}],"author":[{"embeddable":true,"href":"https:\/\/ietk.feri.um.si\/en\/wp-json\/wp\/v2\/users\/1"}],"replies":[{"embeddable":true,"href":"https:\/\/ietk.feri.um.si\/en\/wp-json\/wp\/v2\/comments?post=3205"}],"version-history":[{"count":37,"href":"https:\/\/ietk.feri.um.si\/en\/wp-json\/wp\/v2\/pages\/3205\/revisions"}],"predecessor-version":[{"id":5746,"href":"https:\/\/ietk.feri.um.si\/en\/wp-json\/wp\/v2\/pages\/3205\/revisions\/5746"}],"wp:attachment":[{"href":"https:\/\/ietk.feri.um.si\/en\/wp-json\/wp\/v2\/media?parent=3205"}],"curies":[{"name":"wp","href":"https:\/\/api.w.org\/{rel}","templated":true}]}}